{"id":3533,"date":"2025-09-28T06:46:18","date_gmt":"2025-09-28T06:46:18","guid":{"rendered":"https:\/\/defutech.de\/?page_id=3533"},"modified":"2025-10-31T05:33:34","modified_gmt":"2025-10-31T05:33:34","slug":"elementor-3533","status":"publish","type":"page","link":"https:\/\/defutech.de\/de\/elementor-3533\/","title":{"rendered":"Elementor #3533"},"content":{"rendered":"<div data-elementor-type=\"wp-page\" data-elementor-id=\"3533\" class=\"elementor elementor-3533\">\n\t\t\t\t<div class=\"elementor-element elementor-element-4797fc32 e-flex e-con-boxed sc_layouts_column_icons_position_left sc_gradient_animation_none e-con e-parent\" data-id=\"4797fc32\" data-element_type=\"container\" data-e-type=\"container\" data-settings=\"{&quot;background_background&quot;:&quot;gradient&quot;}\">\n\t\t\t\t\t<div class=\"e-con-inner\">\n\t\t\t\t<div data-animation-type=\"block\" class=\"elementor-element elementor-element-5fe4bbbe elementor-widget__width-initial animation_type_block sc_fly_static elementor-invisible elementor-widget elementor-widget-heading\" data-id=\"5fe4bbbe\" data-element_type=\"widget\" data-e-type=\"widget\" data-settings=\"{&quot;_animation&quot;:&quot;ta_fadeinup&quot;,&quot;_animation_delay&quot;:100}\" data-widget_type=\"heading.default\">\n\t\t\t\t<div class=\"elementor-widget-container\">\n\t\t\t\t\t<h1 class=\"elementor-heading-title elementor-size-default\">Einsatzbereiche<\/h1>\t\t\t\t<\/div>\n\t\t\t\t<\/div>\n\t\t\t\t\t<\/div>\n\t\t\t\t<\/div>\n\t\t<div class=\"e-con-with-custom-width elementor-element elementor-element-9a49475 e-flex e-con-boxed sc_layouts_column_icons_position_left e-con e-parent\" data-id=\"9a49475\" data-element_type=\"container\" data-e-type=\"container\" data-settings=\"{&quot;background_background&quot;:&quot;classic&quot;}\">\n\t\t\t\t\t<div class=\"e-con-inner\">\n\t\t\t\t<div class=\"elementor-element elementor-element-c9e98e8 elementor-widget__width-initial sc_fly_static elementor-widget elementor-widget-text-editor\" data-id=\"c9e98e8\" data-element_type=\"widget\" data-e-type=\"widget\" data-widget_type=\"text-editor.default\">\n\t\t\t\t<div class=\"elementor-widget-container\">\n\t\t\t\t\t\t\t\t\t<p>Drahtlose Konnektivit\u00e4t er\u00f6ffnet grenzenlose M\u00f6glichkeiten.\nDank ihrer Kosteneffizienz und geringen Wartungsanforderungen ist WiBACK nicht nur f\u00fcr Unternehmen interessant, die Breitbandkonnektivit\u00e4t an ihre Kunden anbieten m\u00f6chten, sondern auch f\u00fcr weitere Anwendungsbereiche.\nWiBACK l\u00e4sst sich flexibel an individuelle Einsatzszenarien anpassen, ma\u00dfgeschneidert f\u00fcr Ihren spezifischen Bedarf.<br \/>Beispiele f\u00fcr solche Einsatzszenarien sind tempor\u00e4re drahtlose Netzwerke f\u00fcr Gro\u00dfveranstaltungen, der schnelle Netzaufbau in Katastrophengebieten, Breitbanddienste f\u00fcr l\u00e4ndliche Regionen sowie drahtlose Weitverkehrsnetze in aufstrebenden Regionen.<\/p>\t\t\t\t\t\t\t\t<\/div>\n\t\t\t\t<\/div>\n\t\t\t\t<div class=\"elementor-element elementor-element-0f49b76 elementor-widget__width-initial sc_fly_static elementor-widget elementor-widget-image\" data-id=\"0f49b76\" data-element_type=\"widget\" data-e-type=\"widget\" data-widget_type=\"image.default\">\n\t\t\t\t<div class=\"elementor-widget-container\">\n\t\t\t\t\t\t\t\t\t\t\t\t\t\t\t<img fetchpriority=\"high\" decoding=\"async\" width=\"1024\" height=\"572\" src=\"https:\/\/defutech.de\/wp-content\/uploads\/2025\/09\/Picture-1-1024x572.png\" class=\"attachment-large size-large wp-image-2905\" alt=\"\" srcset=\"https:\/\/defutech.de\/wp-content\/uploads\/2025\/09\/Picture-1-1024x572.png 1024w, https:\/\/defutech.de\/wp-content\/uploads\/2025\/09\/Picture-1-300x168.png 300w, https:\/\/defutech.de\/wp-content\/uploads\/2025\/09\/Picture-1-768x429.png 768w, https:\/\/defutech.de\/wp-content\/uploads\/2025\/09\/Picture-1-370x207.png 370w, https:\/\/defutech.de\/wp-content\/uploads\/2025\/09\/Picture-1-410x229.png 410w, https:\/\/defutech.de\/wp-content\/uploads\/2025\/09\/Picture-1-924x516.png 924w, https:\/\/defutech.de\/wp-content\/uploads\/2025\/09\/Picture-1.png 1529w\" sizes=\"(max-width: 1024px) 100vw, 1024px\" \/>\t\t\t\t\t\t\t\t\t\t\t\t\t\t\t<\/div>\n\t\t\t\t<\/div>\n\t\t\t\t\t<\/div>\n\t\t\t\t<\/div>\n\t\t<div class=\"elementor-element elementor-element-420dce1 e-grid e-con-boxed sc_layouts_column_icons_position_left e-con e-parent\" data-id=\"420dce1\" data-element_type=\"container\" data-e-type=\"container\" data-settings=\"{&quot;background_background&quot;:&quot;classic&quot;}\">\n\t\t\t\t\t<div class=\"e-con-inner\">\n\t\t<div data-animation-type=\"block\" class=\"elementor-element elementor-element-f543e2b e-con-full e-flex sc_layouts_column_icons_position_left animation_type_block elementor-invisible e-con e-child\" data-id=\"f543e2b\" data-element_type=\"container\" data-e-type=\"container\" data-settings=\"{&quot;animation&quot;:&quot;ta_fadeinright&quot;}\">\n\t\t\t\t<div class=\"elementor-element elementor-element-4752fbe sc_fly_static elementor-widget elementor-widget-heading\" data-id=\"4752fbe\" data-element_type=\"widget\" data-e-type=\"widget\" data-widget_type=\"heading.default\">\n\t\t\t\t<div class=\"elementor-widget-container\">\n\t\t\t\t\t<h2 class=\"elementor-heading-title elementor-size-default\">Eigenst\u00e4ndiges Netzwerk f\u00fcr Dienstanbieter\n<\/h2>\t\t\t\t<\/div>\n\t\t\t\t<\/div>\n\t\t\t\t<div class=\"elementor-element elementor-element-f8774c9 sc_fly_static elementor-widget elementor-widget-text-editor\" data-id=\"f8774c9\" data-element_type=\"widget\" data-e-type=\"widget\" data-widget_type=\"text-editor.default\">\n\t\t\t\t<div class=\"elementor-widget-container\">\n\t\t\t\t\t\t\t\t\t<p>Neben Internetdienstanbietern stehen auch viele andere Serviceanbieter vor der Herausforderung, keine ausreichende Breitbandverbindung zu haben, um ihre Dienste anzubieten.\nDank seiner Kosteneffizienz und des geringen Wartungsaufwands bietet WiBACK eine attraktive Alternative, mit der Dienstanbieter ihr eigenes, auf ihre spezifischen Anwendungen zugeschnittenes Netzwerk betreiben k\u00f6nnen.<\/p><p>Typische Beispiele sind Anbieter aus den Bereichen eHealth, eGovernment, eCommerce oder eLearning, die ihre Dienste auch in l\u00e4ndlichen und abgelegenen Regionen anbieten m\u00f6chten.\nDa WiBACK von Haus aus selbstverwaltend ist und im unlizenzierten Frequenzspektrum betrieben werden kann, ist es \u00e4u\u00dferst kosteneffizient und somit ideal geeignet, als eigenes Netzwerk f\u00fcr spezifische Dienste betrieben zu werden.<\/p>\t\t\t\t\t\t\t\t<\/div>\n\t\t\t\t<\/div>\n\t\t\t\t<\/div>\n\t\t<div data-animation-type=\"block\" class=\"elementor-element elementor-element-1d66374 e-con-full e-flex sc_layouts_column_icons_position_left animation_type_block elementor-invisible e-con e-child\" data-id=\"1d66374\" data-element_type=\"container\" data-e-type=\"container\" data-settings=\"{&quot;animation&quot;:&quot;ta_fadeinright&quot;,&quot;animation_delay&quot;:100}\">\n\t\t\t\t<div class=\"elementor-element elementor-element-6f240b1 sc_fly_static elementor-widget elementor-widget-heading\" data-id=\"6f240b1\" data-element_type=\"widget\" data-e-type=\"widget\" data-widget_type=\"heading.default\">\n\t\t\t\t<div class=\"elementor-widget-container\">\n\t\t\t\t\t<h2 class=\"elementor-heading-title elementor-size-default\">L\u00f6sungen f\u00fcr Einsatzkr\u00e4fte<\/h2>\t\t\t\t<\/div>\n\t\t\t\t<\/div>\n\t\t\t\t<div class=\"elementor-element elementor-element-d965c35 sc_fly_static elementor-widget elementor-widget-text-editor\" data-id=\"d965c35\" data-element_type=\"widget\" data-e-type=\"widget\" data-widget_type=\"text-editor.default\">\n\t\t\t\t<div class=\"elementor-widget-container\">\n\t\t\t\t\t\t\t\t\t<p>DeFuTech unterst\u00fctzt Einsatzkr\u00e4fte und Notdienste mit resilienten Konnektivit\u00e4tsl\u00f6sungen auf Basis der WiBACK-Technologie.\nSo wird sichergestellt, dass mobile Einsatzeinheiten und Rettungsdienste auch in anspruchsvollen Umgebungen \u00fcber eine zuverl\u00e4ssige und schnelle Verbindung verf\u00fcgen.<\/p><p>Dies st\u00e4rkt die Krisenkommunikation und verbessert die gesamte Sicherheitsinfrastruktur.<\/p>\t\t\t\t\t\t\t\t<\/div>\n\t\t\t\t<\/div>\n\t\t\t\t<\/div>\n\t\t<div data-animation-type=\"block\" class=\"elementor-element elementor-element-841f3a6 e-con-full e-flex sc_layouts_column_icons_position_left animation_type_block elementor-invisible e-con e-child\" data-id=\"841f3a6\" data-element_type=\"container\" data-e-type=\"container\" data-settings=\"{&quot;animation&quot;:&quot;ta_fadeinright&quot;,&quot;animation_delay&quot;:200}\">\n\t\t\t\t<div class=\"elementor-element elementor-element-7996744 sc_fly_static elementor-widget elementor-widget-heading\" data-id=\"7996744\" data-element_type=\"widget\" data-e-type=\"widget\" data-widget_type=\"heading.default\">\n\t\t\t\t<div class=\"elementor-widget-container\">\n\t\t\t\t\t<h2 class=\"elementor-heading-title elementor-size-default\">Breitband- versorgung f\u00fcr l\u00e4ndliche Regionen\n<\/h2>\t\t\t\t<\/div>\n\t\t\t\t<\/div>\n\t\t\t\t<div class=\"elementor-element elementor-element-c93a971 sc_fly_static elementor-widget elementor-widget-text-editor\" data-id=\"c93a971\" data-element_type=\"widget\" data-e-type=\"widget\" data-widget_type=\"text-editor.default\">\n\t\t\t\t<div class=\"elementor-widget-container\">\n\t\t\t\t\t\t\t\t\t<p>Internetdienstanbieter in l\u00e4ndlichen und abgelegenen Gebieten stehen h\u00e4ufig vor dem Problem, dass keine verl\u00e4ssliche (Breitband-)Verbindung vorhanden ist und der Aufbau neuer Verbindungen wirtschaftlich kaum tragbar ist.\nDank seiner Kosteneffizienz und des geringen Wartungsaufwands bietet WiBACK eine kosteng\u00fcnstige Alternative, mit der ISPs ihr Netzwerk auch in diesen Regionen wirtschaftlich erweitern k\u00f6nnen.<\/p>\t\t\t\t\t\t\t\t<\/div>\n\t\t\t\t<\/div>\n\t\t\t\t<\/div>\n\t\t\t\t\t<\/div>\n\t\t\t\t<\/div>\n\t\t\t\t<\/div>","protected":false},"excerpt":{"rendered":"<p>FIELDS OF APPLICATION Wireless connectivity provides limitless opportunities. Due to its cost-effectiveness and&hellip;<\/p>","protected":false},"author":1,"featured_media":0,"parent":0,"menu_order":0,"comment_status":"closed","ping_status":"closed","template":"","meta":{"footnotes":""},"class_list":["post-3533","page","type-page","status-publish","hentry"],"_links":{"self":[{"href":"https:\/\/defutech.de\/de\/wp-json\/wp\/v2\/pages\/3533","targetHints":{"allow":["GET"]}}],"collection":[{"href":"https:\/\/defutech.de\/de\/wp-json\/wp\/v2\/pages"}],"about":[{"href":"https:\/\/defutech.de\/de\/wp-json\/wp\/v2\/types\/page"}],"author":[{"embeddable":true,"href":"https:\/\/defutech.de\/de\/wp-json\/wp\/v2\/users\/1"}],"replies":[{"embeddable":true,"href":"https:\/\/defutech.de\/de\/wp-json\/wp\/v2\/comments?post=3533"}],"version-history":[{"count":8,"href":"https:\/\/defutech.de\/de\/wp-json\/wp\/v2\/pages\/3533\/revisions"}],"predecessor-version":[{"id":3925,"href":"https:\/\/defutech.de\/de\/wp-json\/wp\/v2\/pages\/3533\/revisions\/3925"}],"wp:attachment":[{"href":"https:\/\/defutech.de\/de\/wp-json\/wp\/v2\/media?parent=3533"}],"curies":[{"name":"wp","href":"https:\/\/api.w.org\/{rel}","templated":true}]}}