{"id":2854,"date":"2025-09-19T19:26:52","date_gmt":"2025-09-19T19:26:52","guid":{"rendered":"https:\/\/defutech.de\/?page_id=2854"},"modified":"2025-11-10T10:47:45","modified_gmt":"2025-11-10T10:47:45","slug":"use-cases","status":"publish","type":"page","link":"https:\/\/defutech.de\/de\/use-cases\/","title":{"rendered":"Anwendungsf\u00e4lle"},"content":{"rendered":"<div data-elementor-type=\"wp-page\" data-elementor-id=\"2854\" class=\"elementor elementor-2854\">\n\t\t\t\t<div class=\"elementor-element elementor-element-5497b925 e-flex e-con-boxed sc_layouts_column_icons_position_left sc_gradient_animation_none e-con e-parent\" data-id=\"5497b925\" data-element_type=\"container\" data-e-type=\"container\" data-settings=\"{&quot;background_background&quot;:&quot;gradient&quot;}\">\n\t\t\t\t\t<div class=\"e-con-inner\">\n\t\t\t\t<div data-animation-type=\"block\" class=\"elementor-element elementor-element-5e67621 elementor-widget__width-initial animation_type_block sc_fly_static elementor-invisible elementor-widget elementor-widget-heading\" data-id=\"5e67621\" data-element_type=\"widget\" data-e-type=\"widget\" data-settings=\"{&quot;_animation&quot;:&quot;ta_fadeinup&quot;,&quot;_animation_delay&quot;:100}\" data-widget_type=\"heading.default\">\n\t\t\t\t<div class=\"elementor-widget-container\">\n\t\t\t\t\t<h1 class=\"elementor-heading-title elementor-size-default\">DeFuTech Foschung<\/h1>\t\t\t\t<\/div>\n\t\t\t\t<\/div>\n\t\t\t\t\t<\/div>\n\t\t\t\t<\/div>\n\t\t<div class=\"elementor-element elementor-element-07b7772 e-grid e-con-full sc_layouts_column_icons_position_left e-con e-parent\" data-id=\"07b7772\" data-element_type=\"container\" data-e-type=\"container\">\n\t\t<div data-animation-type=\"block\" class=\"elementor-element elementor-element-3b44f3c e-con-full e-flex sc_layouts_column_icons_position_left sc_gradient_animation_none animation_type_block elementor-invisible e-con e-child\" data-id=\"3b44f3c\" data-element_type=\"container\" data-e-type=\"container\" data-settings=\"{&quot;background_background&quot;:&quot;gradient&quot;,&quot;animation&quot;:&quot;ta_fadeinup&quot;}\">\n\t\t\t\t<div class=\"elementor-element elementor-element-2ca2a62 elementor-widget__width-initial sc_fly_static elementor-widget elementor-widget-heading\" data-id=\"2ca2a62\" data-element_type=\"widget\" data-e-type=\"widget\" data-widget_type=\"heading.default\">\n\t\t\t\t<div class=\"elementor-widget-container\">\n\t\t\t\t\t<h4 class=\"elementor-heading-title elementor-size-default\">Zielsetzung<\/h4>\t\t\t\t<\/div>\n\t\t\t\t<\/div>\n\t\t<div class=\"elementor-element elementor-element-4dc174b e-con-full e-flex sc_layouts_column_icons_position_left e-con e-child\" data-id=\"4dc174b\" data-element_type=\"container\" data-e-type=\"container\">\n\t\t\t\t<div class=\"elementor-element elementor-element-f1b3d72 sc_fly_static elementor-widget elementor-widget-text-editor\" data-id=\"f1b3d72\" data-element_type=\"widget\" data-e-type=\"widget\" data-widget_type=\"text-editor.default\">\n\t\t\t\t<div class=\"elementor-widget-container\">\n\t\t\t\t\t\t\t\t\t<p>Probleme, die nicht adressiert werden, l\u00f6sen wir durch die Entwicklung neuer technologischer L\u00f6sungen mit einem Fokus auf Bezahlbarkeit.\nWir m\u00f6chten die Marktreife innovativer Technologien beschleunigen, indem wir in der Prototypenentwicklung und in Feldtests zusammenarbeiten.<\/p>\t\t\t\t\t\t\t\t<\/div>\n\t\t\t\t<\/div>\n\t\t\t\t<\/div>\n\t\t\t\t<\/div>\n\t\t<div class=\"e-con-gap-no elementor-element elementor-element-a2988b2 e-con-full e-flex sc_layouts_column_icons_position_left animation_type_block elementor-invisible e-con e-child\" data-animation-type=\"block\" data-id=\"a2988b2\" data-element_type=\"container\" data-e-type=\"container\" data-settings=\"{&quot;background_background&quot;:&quot;classic&quot;,&quot;animation&quot;:&quot;ta_fadeinup&quot;,&quot;animation_delay&quot;:100}\">\n\t\t\t\t<\/div>\n\t\t<div data-animation-type=\"block\" class=\"elementor-element elementor-element-8e67d8a e-con-full e-flex sc_layouts_column_icons_position_left animation_type_block elementor-invisible e-con e-child\" data-id=\"8e67d8a\" data-element_type=\"container\" data-e-type=\"container\" data-settings=\"{&quot;background_background&quot;:&quot;classic&quot;,&quot;animation&quot;:&quot;ta_fadeinup&quot;,&quot;animation_delay&quot;:200}\">\n\t\t\t\t<div class=\"elementor-element elementor-element-b377c2b elementor-widget__width-initial sc_fly_static elementor-widget elementor-widget-heading\" data-id=\"b377c2b\" data-element_type=\"widget\" data-e-type=\"widget\" data-widget_type=\"heading.default\">\n\t\t\t\t<div class=\"elementor-widget-container\">\n\t\t\t\t\t<h4 class=\"elementor-heading-title elementor-size-default\">Forschungs-DNA<\/h4>\t\t\t\t<\/div>\n\t\t\t\t<\/div>\n\t\t<div class=\"elementor-element elementor-element-7f41c88 e-con-full e-flex sc_layouts_column_icons_position_left e-con e-child\" data-id=\"7f41c88\" data-element_type=\"container\" data-e-type=\"container\">\n\t\t\t\t<div class=\"elementor-element elementor-element-f967786 sc_fly_static elementor-widget elementor-widget-text-editor\" data-id=\"f967786\" data-element_type=\"widget\" data-e-type=\"widget\" data-widget_type=\"text-editor.default\">\n\t\t\t\t<div class=\"elementor-widget-container\">\n\t\t\t\t\t\t\t\t\t<p>Als Spin-off eines der gr\u00f6\u00dften Forschungsinstitute Europas liegt angewandte Forschung in unserer DNA.\nUnser Ziel ist es, echte Probleme zu l\u00f6sen und diese L\u00f6sungen erfolgreich in den Markt zu bringen.<\/p>\t\t\t\t\t\t\t\t<\/div>\n\t\t\t\t<\/div>\n\t\t\t\t<\/div>\n\t\t\t\t<\/div>\n\t\t<div class=\"e-con-gap-no elementor-element elementor-element-f800bd6 e-con-full e-flex sc_layouts_column_icons_position_left animation_type_block elementor-invisible e-con e-child\" data-animation-type=\"block\" data-id=\"f800bd6\" data-element_type=\"container\" data-e-type=\"container\" data-settings=\"{&quot;background_background&quot;:&quot;classic&quot;,&quot;animation&quot;:&quot;ta_fadeinup&quot;,&quot;animation_delay&quot;:300}\">\n\t\t\t\t<\/div>\n\t\t\t\t<\/div>\n\t\t<div class=\"elementor-element elementor-element-41d4f3b e-flex e-con-boxed sc_layouts_column_icons_position_left e-con e-parent\" data-id=\"41d4f3b\" data-element_type=\"container\" data-e-type=\"container\">\n\t\t\t\t\t<div class=\"e-con-inner\">\n\t\t<div class=\"elementor-element elementor-element-0dd7e3e e-flex e-con-boxed sc_layouts_column_icons_position_left e-con e-child\" data-id=\"0dd7e3e\" data-element_type=\"container\" data-e-type=\"container\">\n\t\t\t\t\t<div class=\"e-con-inner\">\n\t\t<div class=\"elementor-element elementor-element-47f2cfe e-con-full e-flex sc_layouts_column_icons_position_left e-con e-child\" data-id=\"47f2cfe\" data-element_type=\"container\" data-e-type=\"container\">\n\t\t\t\t<div data-animation-type=\"block\" class=\"elementor-element elementor-element-e955494 animation_type_block sc_fly_static elementor-invisible elementor-widget elementor-widget-heading\" data-id=\"e955494\" data-element_type=\"widget\" data-e-type=\"widget\" data-settings=\"{&quot;_animation_delay&quot;:50,&quot;_animation&quot;:&quot;ta_fadeinup&quot;}\" data-widget_type=\"heading.default\">\n\t\t\t\t<div class=\"elementor-widget-container\">\n\t\t\t\t\t<h1 class=\"elementor-heading-title elementor-size-default\">Vergangenes Projekt<\/h1>\t\t\t\t<\/div>\n\t\t\t\t<\/div>\n\t\t\t\t<div class=\"elementor-element elementor-element-e94ebf6 sc_fly_static elementor-widget elementor-widget-text-editor\" data-id=\"e94ebf6\" data-element_type=\"widget\" data-e-type=\"widget\" data-widget_type=\"text-editor.default\">\n\t\t\t\t<div class=\"elementor-widget-container\">\n\t\t\t\t\t\t\t\t\t<p>Software-defined wireless network (SDN4 Wireless).\nUnser erstes Forschungsprojekt untersuchte innovative Ans\u00e4tze f\u00fcr das dezentrale Management von Funkzugangspunkten zur Daten\u00fcbertragung.\ngef\u00f6rdert wurde das Projekt durch das Bundesministerium f\u00fcr Bildung und Forschung (bmbf).\nDefutech war assoziierter Partner in einem Konsortium mit f\u00fcnf weiteren Partnern.\ndas Projekt lief von September 2015 bis August 2017.<\/p>\t\t\t\t\t\t\t\t<\/div>\n\t\t\t\t<\/div>\n\t\t\t\t<\/div>\n\t\t<div class=\"elementor-element elementor-element-88e09e4 e-con-full e-flex sc_layouts_column_icons_position_left e-con e-child\" data-id=\"88e09e4\" data-element_type=\"container\" data-e-type=\"container\">\n\t\t\t\t<div class=\"elementor-element elementor-element-0fe5a2b sc_fly_static elementor-widget elementor-widget-image\" data-id=\"0fe5a2b\" data-element_type=\"widget\" data-e-type=\"widget\" data-widget_type=\"image.default\">\n\t\t\t\t<div class=\"elementor-widget-container\">\n\t\t\t\t\t\t\t\t\t\t\t\t\t\t\t<img fetchpriority=\"high\" decoding=\"async\" width=\"862\" height=\"388\" src=\"https:\/\/defutech.de\/wp-content\/uploads\/2025\/09\/7e1fcc96-dc6a-4d20-9c34-79eb139e041c.png\" class=\"attachment-large size-large wp-image-3436\" alt=\"\" srcset=\"https:\/\/defutech.de\/wp-content\/uploads\/2025\/09\/7e1fcc96-dc6a-4d20-9c34-79eb139e041c.png 862w, https:\/\/defutech.de\/wp-content\/uploads\/2025\/09\/7e1fcc96-dc6a-4d20-9c34-79eb139e041c-300x135.png 300w, https:\/\/defutech.de\/wp-content\/uploads\/2025\/09\/7e1fcc96-dc6a-4d20-9c34-79eb139e041c-768x346.png 768w, https:\/\/defutech.de\/wp-content\/uploads\/2025\/09\/7e1fcc96-dc6a-4d20-9c34-79eb139e041c-370x167.png 370w, https:\/\/defutech.de\/wp-content\/uploads\/2025\/09\/7e1fcc96-dc6a-4d20-9c34-79eb139e041c-410x185.png 410w\" sizes=\"(max-width: 862px) 100vw, 862px\" \/>\t\t\t\t\t\t\t\t\t\t\t\t\t\t\t<\/div>\n\t\t\t\t<\/div>\n\t\t\t\t<\/div>\n\t\t\t\t\t<\/div>\n\t\t\t\t<\/div>\n\t\t\t\t\t<\/div>\n\t\t\t\t<\/div>\n\t\t<div class=\"elementor-element elementor-element-c3a72df e-flex e-con-boxed sc_layouts_column_icons_position_left e-con e-parent\" data-id=\"c3a72df\" data-element_type=\"container\" data-e-type=\"container\">\n\t\t\t\t\t<div class=\"e-con-inner\">\n\t\t<div class=\"elementor-element elementor-element-4bebbab e-flex e-con-boxed sc_layouts_column_icons_position_left e-con e-child\" data-id=\"4bebbab\" data-element_type=\"container\" data-e-type=\"container\">\n\t\t\t\t\t<div class=\"e-con-inner\">\n\t\t<div class=\"elementor-element elementor-element-5ab5bba e-con-full e-flex sc_layouts_column_icons_position_left e-con e-child\" data-id=\"5ab5bba\" data-element_type=\"container\" data-e-type=\"container\">\n\t\t\t\t<div data-animation-type=\"block\" class=\"elementor-element elementor-element-18e0881 animation_type_block sc_fly_static elementor-invisible elementor-widget elementor-widget-heading\" data-id=\"18e0881\" data-element_type=\"widget\" data-e-type=\"widget\" data-settings=\"{&quot;_animation_delay&quot;:50,&quot;_animation&quot;:&quot;ta_fadeinup&quot;}\" data-widget_type=\"heading.default\">\n\t\t\t\t<div class=\"elementor-widget-container\">\n\t\t\t\t\t<h1 class=\"elementor-heading-title elementor-size-default\">Aktuelles Projekt<\/h1>\t\t\t\t<\/div>\n\t\t\t\t<\/div>\n\t\t\t\t<div class=\"elementor-element elementor-element-797d0c7 sc_fly_static elementor-widget elementor-widget-text-editor\" data-id=\"797d0c7\" data-element_type=\"widget\" data-e-type=\"widget\" data-widget_type=\"text-editor.default\">\n\t\t\t\t<div class=\"elementor-widget-container\">\n\t\t\t\t\t\t\t\t\t<p>Defutech tr\u00e4gt zum Hileit-Projekt bei, indem es die Wiback-Technologie f\u00fcr resiliente Kommunikation weiterentwickelt und testet.<\/p><p>Unser Fokus liegt auf der Entwicklung und Validierung von Multi-Gateway-Netzwerken, die eine nahtlose Nutzung verschiedener Backhaul-Optionen wie Glasfaser, DSL, Mobilfunk und Leo-satelliten erm\u00f6glichen.<\/p><p>We will integrate these solutions into field demonstrators, ruggedise our WiBACK nodes to meet emergency requirements, and support evaluations with public-safety partners to ensure secure, reliable, and rapidly deployable networks.<\/p>\t\t\t\t\t\t\t\t<\/div>\n\t\t\t\t<\/div>\n\t\t\t\t<\/div>\n\t\t<div class=\"elementor-element elementor-element-e367670 e-con-full e-flex sc_layouts_column_icons_position_left e-con e-child\" data-id=\"e367670\" data-element_type=\"container\" data-e-type=\"container\">\n\t\t\t\t<div class=\"elementor-element elementor-element-aa87566 sc_fly_static elementor-widget elementor-widget-image\" data-id=\"aa87566\" data-element_type=\"widget\" data-e-type=\"widget\" data-widget_type=\"image.default\">\n\t\t\t\t<div class=\"elementor-widget-container\">\n\t\t\t\t\t\t\t\t\t\t\t\t\t\t\t<img decoding=\"async\" width=\"1024\" height=\"745\" src=\"https:\/\/defutech.de\/wp-content\/uploads\/2025\/09\/Untitled-design-30-1024x745.png\" class=\"attachment-large size-large wp-image-3708\" alt=\"\" srcset=\"https:\/\/defutech.de\/wp-content\/uploads\/2025\/09\/Untitled-design-30-1024x745.png 1024w, https:\/\/defutech.de\/wp-content\/uploads\/2025\/09\/Untitled-design-30-300x218.png 300w, https:\/\/defutech.de\/wp-content\/uploads\/2025\/09\/Untitled-design-30-768x559.png 768w, https:\/\/defutech.de\/wp-content\/uploads\/2025\/09\/Untitled-design-30-1536x1117.png 1536w, https:\/\/defutech.de\/wp-content\/uploads\/2025\/09\/Untitled-design-30-370x269.png 370w, https:\/\/defutech.de\/wp-content\/uploads\/2025\/09\/Untitled-design-30-924x672.png 924w, https:\/\/defutech.de\/wp-content\/uploads\/2025\/09\/Untitled-design-30-410x298.png 410w, https:\/\/defutech.de\/wp-content\/uploads\/2025\/09\/Untitled-design-30.png 2000w\" sizes=\"(max-width: 1024px) 100vw, 1024px\" \/>\t\t\t\t\t\t\t\t\t\t\t\t\t\t\t<\/div>\n\t\t\t\t<\/div>\n\t\t\t\t<\/div>\n\t\t\t\t\t<\/div>\n\t\t\t\t<\/div>\n\t\t\t\t\t<\/div>\n\t\t\t\t<\/div>\n\t\t<div class=\"elementor-element elementor-element-e7085bf e-grid e-con-full sc_layouts_column_icons_position_left e-con e-parent\" data-id=\"e7085bf\" data-element_type=\"container\" data-e-type=\"container\">\n\t\t<div data-animation-type=\"block\" class=\"elementor-element elementor-element-6d7f35a e-con-full e-flex sc_layouts_column_icons_position_left animation_type_block elementor-invisible e-con e-child\" data-id=\"6d7f35a\" data-element_type=\"container\" data-e-type=\"container\" data-settings=\"{&quot;background_background&quot;:&quot;classic&quot;,&quot;animation&quot;:&quot;ta_fadeinup&quot;}\">\n\t\t\t\t<div class=\"elementor-element elementor-element-217b3b5 elementor-widget__width-initial sc_fly_static elementor-widget elementor-widget-heading\" data-id=\"217b3b5\" data-element_type=\"widget\" data-e-type=\"widget\" data-widget_type=\"heading.default\">\n\t\t\t\t<div class=\"elementor-widget-container\">\n\t\t\t\t\t<h4 class=\"elementor-heading-title elementor-size-default\">Forschungs-Schwerpunkt<\/h4>\t\t\t\t<\/div>\n\t\t\t\t<\/div>\n\t\t<div class=\"elementor-element elementor-element-8973af8 e-con-full e-flex sc_layouts_column_icons_position_left e-con e-child\" data-id=\"8973af8\" data-element_type=\"container\" data-e-type=\"container\">\n\t\t\t\t<div class=\"elementor-element elementor-element-df079ce sc_fly_static elementor-widget elementor-widget-text-editor\" data-id=\"df079ce\" data-element_type=\"widget\" data-e-type=\"widget\" data-widget_type=\"text-editor.default\">\n\t\t\t\t<div class=\"elementor-widget-container\">\n\t\t\t\t\t\t\t\t\t<ul class=\"fusion-checklist fusion-checklist-1\"><li class=\"fusion-li-item\"><div class=\"fusion-li-item-content\"><p>Beyond 5G f\u00fcr l\u00e4ndliche Konnektivit\u00e4t<\/p><\/div><\/li><li class=\"fusion-li-item\"><div class=\"fusion-li-item-content\"><p>IoT-Konnektivit\u00e4tsl\u00f6sungen<\/p><\/div><\/li><li class=\"fusion-li-item\"><div class=\"fusion-li-item-content\"><p>Wissenschaft datengetriebener selbstorganisierender Netzwerke<\/p><\/div><\/li><li class=\"fusion-li-item\"><div class=\"fusion-li-item-content\"><p>Technologieerprobung<\/p><\/div><\/li><\/ul>\t\t\t\t\t\t\t\t<\/div>\n\t\t\t\t<\/div>\n\t\t\t\t<div class=\"elementor-element elementor-element-bcf45e2 elementor-align-left sc_fly_static elementor-widget elementor-widget-button\" data-id=\"bcf45e2\" data-element_type=\"widget\" data-e-type=\"widget\" data-widget_type=\"button.default\">\n\t\t\t\t<div class=\"elementor-widget-container\">\n\t\t\t\t\t\t\t\t\t<div class=\"elementor-button-wrapper\">\n\t\t\t\t\t<a class=\"elementor-button elementor-button-link elementor-size-sm\" href=\"https:\/\/defutech.de\/de\/contact\/\">\n\t\t\t\t\t\t<span class=\"elementor-button-content-wrapper\">\n\t\t\t\t\t\t\t\t\t<span class=\"elementor-button-text\">Kontakt aufnehmen<\/span>\n\t\t\t\t\t<\/span>\n\t\t\t\t\t<\/a>\n\t\t\t\t<\/div>\n\t\t\t\t\t\t\t\t<\/div>\n\t\t\t\t<\/div>\n\t\t\t\t<\/div>\n\t\t\t\t<\/div>\n\t\t<div data-animation-type=\"block\" class=\"elementor-element elementor-element-b01f5ea e-con-full e-flex sc_layouts_column_icons_position_left animation_type_block elementor-invisible e-con e-child\" data-id=\"b01f5ea\" data-element_type=\"container\" data-e-type=\"container\" data-settings=\"{&quot;background_background&quot;:&quot;classic&quot;,&quot;animation&quot;:&quot;ta_fadeinup&quot;,&quot;animation_delay&quot;:100}\">\n\t\t\t\t<div class=\"elementor-element elementor-element-fa453fc sc_fly_static elementor-widget elementor-widget-image\" data-id=\"fa453fc\" data-element_type=\"widget\" data-e-type=\"widget\" data-widget_type=\"image.default\">\n\t\t\t\t<div class=\"elementor-widget-container\">\n\t\t\t\t\t\t\t\t\t\t\t\t\t\t\t<img decoding=\"async\" width=\"683\" height=\"1024\" src=\"https:\/\/defutech.de\/wp-content\/uploads\/2025\/10\/IMG_3782-683x1024.jpg\" class=\"attachment-large size-large wp-image-3828\" alt=\"\" srcset=\"https:\/\/defutech.de\/wp-content\/uploads\/2025\/10\/IMG_3782-683x1024.jpg 683w, https:\/\/defutech.de\/wp-content\/uploads\/2025\/10\/IMG_3782-200x300.jpg 200w, https:\/\/defutech.de\/wp-content\/uploads\/2025\/10\/IMG_3782-768x1152.jpg 768w, https:\/\/defutech.de\/wp-content\/uploads\/2025\/10\/IMG_3782-1024x1536.jpg 1024w, https:\/\/defutech.de\/wp-content\/uploads\/2025\/10\/IMG_3782-1365x2048.jpg 1365w, https:\/\/defutech.de\/wp-content\/uploads\/2025\/10\/IMG_3782-8x12.jpg 8w, https:\/\/defutech.de\/wp-content\/uploads\/2025\/10\/IMG_3782-370x555.jpg 370w, https:\/\/defutech.de\/wp-content\/uploads\/2025\/10\/IMG_3782-924x1386.jpg 924w, https:\/\/defutech.de\/wp-content\/uploads\/2025\/10\/IMG_3782-410x615.jpg 410w, https:\/\/defutech.de\/wp-content\/uploads\/2025\/10\/IMG_3782-scaled.jpg 1707w\" sizes=\"(max-width: 767px) 100vw, 683px\" \/>\t\t\t\t\t\t\t\t\t\t\t\t\t\t\t<\/div>\n\t\t\t\t<\/div>\n\t\t\t\t<\/div>\n\t\t<div data-animation-type=\"block\" class=\"elementor-element elementor-element-53a9554 e-con-full e-flex sc_layouts_column_icons_position_left sc_gradient_animation_none animation_type_block elementor-invisible e-con e-child\" data-id=\"53a9554\" data-element_type=\"container\" data-e-type=\"container\" data-settings=\"{&quot;background_background&quot;:&quot;gradient&quot;,&quot;animation&quot;:&quot;ta_fadeinup&quot;,&quot;animation_delay&quot;:200}\">\n\t\t\t\t<div class=\"elementor-element elementor-element-4f72836 elementor-widget__width-initial sc_fly_static elementor-widget elementor-widget-heading\" data-id=\"4f72836\" data-element_type=\"widget\" data-e-type=\"widget\" data-widget_type=\"heading.default\">\n\t\t\t\t<div class=\"elementor-widget-container\">\n\t\t\t\t\t<h4 class=\"elementor-heading-title elementor-size-default\">Ver\u00f6ffentlichungen\n<\/h4>\t\t\t\t<\/div>\n\t\t\t\t<\/div>\n\t\t<div class=\"elementor-element elementor-element-35d20c5 e-con-full e-flex sc_layouts_column_icons_position_left e-con e-child\" data-id=\"35d20c5\" data-element_type=\"container\" data-e-type=\"container\">\n\t\t\t\t<div class=\"elementor-element elementor-element-53dd565 sc_fly_static elementor-widget elementor-widget-text-editor\" data-id=\"53dd565\" data-element_type=\"widget\" data-e-type=\"widget\" data-widget_type=\"text-editor.default\">\n\t\t\t\t<div class=\"elementor-widget-container\">\n\t\t\t\t\t\t\t\t\t<p>Im Rahmen des SDN4Wireless-Projekts haben wir unsere Erkenntnisse und Testergebnisse ver\u00f6ffentlicht. Diese konzentrierten sich alle auf das Konzept eines softwaredefinierten Drahtlosnetzwerks. Zugang zu den Ver\u00f6ffentlichungen besteht \u00fcber Google Scholar oder ResearchGate.<\/p>\t\t\t\t\t\t\t\t<\/div>\n\t\t\t\t<\/div>\n\t\t\t\t<div class=\"elementor-element elementor-element-0b1e637 elementor-align-left sc_fly_static elementor-widget elementor-widget-button\" data-id=\"0b1e637\" data-element_type=\"widget\" data-e-type=\"widget\" data-widget_type=\"button.default\">\n\t\t\t\t<div class=\"elementor-widget-container\">\n\t\t\t\t\t\t\t\t\t<div class=\"elementor-button-wrapper\">\n\t\t\t\t\t<a class=\"elementor-button elementor-button-link elementor-size-sm\" href=\"https:\/\/www.wiback.org\/en\/publications.html\">\n\t\t\t\t\t\t<span class=\"elementor-button-content-wrapper\">\n\t\t\t\t\t\t\t\t\t<span class=\"elementor-button-text\">Ver\u00f6ffentlichungen<\/span>\n\t\t\t\t\t<\/span>\n\t\t\t\t\t<\/a>\n\t\t\t\t<\/div>\n\t\t\t\t\t\t\t\t<\/div>\n\t\t\t\t<\/div>\n\t\t\t\t<\/div>\n\t\t\t\t<\/div>\n\t\t<div class=\"e-con-gap-no elementor-element elementor-element-3025850 e-con-full e-flex sc_layouts_column_icons_position_left animation_type_block elementor-invisible e-con e-child\" data-animation-type=\"block\" data-id=\"3025850\" data-element_type=\"container\" data-e-type=\"container\" data-settings=\"{&quot;background_background&quot;:&quot;classic&quot;,&quot;animation&quot;:&quot;ta_fadeinup&quot;,&quot;animation_delay&quot;:300}\">\n\t\t\t\t<\/div>\n\t\t\t\t<\/div>\n\t\t\t\t<\/div>","protected":false},"excerpt":{"rendered":"<p>DeFuTech RESEARCH Objective To solve problems no one wants to address by creating&hellip;<\/p>","protected":false},"author":1,"featured_media":0,"parent":0,"menu_order":0,"comment_status":"closed","ping_status":"closed","template":"","meta":{"footnotes":""},"class_list":["post-2854","page","type-page","status-publish","hentry"],"_links":{"self":[{"href":"https:\/\/defutech.de\/de\/wp-json\/wp\/v2\/pages\/2854","targetHints":{"allow":["GET"]}}],"collection":[{"href":"https:\/\/defutech.de\/de\/wp-json\/wp\/v2\/pages"}],"about":[{"href":"https:\/\/defutech.de\/de\/wp-json\/wp\/v2\/types\/page"}],"author":[{"embeddable":true,"href":"https:\/\/defutech.de\/de\/wp-json\/wp\/v2\/users\/1"}],"replies":[{"embeddable":true,"href":"https:\/\/defutech.de\/de\/wp-json\/wp\/v2\/comments?post=2854"}],"version-history":[{"count":29,"href":"https:\/\/defutech.de\/de\/wp-json\/wp\/v2\/pages\/2854\/revisions"}],"predecessor-version":[{"id":4013,"href":"https:\/\/defutech.de\/de\/wp-json\/wp\/v2\/pages\/2854\/revisions\/4013"}],"wp:attachment":[{"href":"https:\/\/defutech.de\/de\/wp-json\/wp\/v2\/media?parent=2854"}],"curies":[{"name":"wp","href":"https:\/\/api.w.org\/{rel}","templated":true}]}}