{"id":2721,"date":"2025-07-10T16:07:33","date_gmt":"2025-07-10T16:07:33","guid":{"rendered":"https:\/\/defutech.de\/?page_id=2721"},"modified":"2025-11-06T20:44:58","modified_gmt":"2025-11-06T20:44:58","slug":"project-details","status":"publish","type":"page","link":"https:\/\/defutech.de\/de\/project-details\/","title":{"rendered":"Project Details"},"content":{"rendered":"<div data-elementor-type=\"wp-page\" data-elementor-id=\"2721\" class=\"elementor elementor-2721\">\n\t\t\t\t<div class=\"e-con-with-custom-width e-con-gap-no elementor-element elementor-element-6b1b8912 e-con-full e-flex sc_layouts_column_icons_position_left e-con e-parent\" data-id=\"6b1b8912\" data-element_type=\"container\" data-e-type=\"container\" data-settings=\"{&quot;background_background&quot;:&quot;classic&quot;}\">\n\t\t<div class=\"e-con-gap-no elementor-element elementor-element-1015a90c animation_type_sequental e-flex e-con-boxed sc_layouts_column_icons_position_left elementor-invisible e-con e-child\" data-animation-type=\"sequental\" data-animation-stagger=\"\" data-id=\"1015a90c\" data-element_type=\"container\" data-e-type=\"container\" data-settings=\"{&quot;animation&quot;:&quot;ta_fadeinup&quot;,&quot;animation_delay&quot;:100}\">\n\t\t\t\t\t<div class=\"e-con-inner\">\n\t\t<div class=\"elementor-element elementor-element-c5add3e e-con-full e-flex sc_layouts_column_icons_position_left e-con e-child\" data-id=\"c5add3e\" data-element_type=\"container\" data-e-type=\"container\">\n\t\t\t\t<div class=\"elementor-element elementor-element-3912583 sc_fly_static elementor-widget elementor-widget-heading\" data-id=\"3912583\" data-element_type=\"widget\" data-e-type=\"widget\" data-widget_type=\"heading.default\">\n\t\t\t\t<div class=\"elementor-widget-container\">\n\t\t\t\t\t<h2 class=\"elementor-heading-title elementor-size-default\">WiBACK-Technologie<\/h2>\t\t\t\t<\/div>\n\t\t\t\t<\/div>\n\t\t\t\t<div class=\"elementor-element elementor-element-188418f4 elementor-widget__width-auto sc_fly_static elementor-widget elementor-widget-text-editor\" data-id=\"188418f4\" data-element_type=\"widget\" data-e-type=\"widget\" data-widget_type=\"text-editor.default\">\n\t\t\t\t<div class=\"elementor-widget-container\">\n\t\t\t\t\t\t\t\t\t<p>DeFuTechs Partner bei der Verbindung der Unverbundenen, WiBACK, ist eine gerichtete \u201ePlug-and-Play\u201c-Funktechnologie, die dank ihrer selbstverwaltenden Funktionen von nahezu jedem einfach genutzt werden kann.\nDiese Management-Mechanismen unterscheiden WiBACK deutlich von anderen gerichteten Funktechnologien, da sie die Komplexit\u00e4t erheblich reduzieren und somit Aufbau und Betrieb deutlich vereinfachen.\nDie geringe Komplexit\u00e4t wird durch intelligente Algorithmen erreicht, die WiBACK weitgehend selbstverwaltet und autonom arbeiten lassen. Dadurch werden Kosten und Zeit f\u00fcr Einrichtung und Wartung reduziert, bei gleichzeitig h\u00f6herer Zuverl\u00e4ssigkeit und Qualit\u00e4t.<\/p>\t\t\t\t\t\t\t\t<\/div>\n\t\t\t\t<\/div>\n\t\t\t\t<\/div>\n\t\t\t\t\t<\/div>\n\t\t\t\t<\/div>\n\t\t\t\t<\/div>\n\t\t<div class=\"elementor-element elementor-element-936900e e-flex e-con-boxed sc_layouts_column_icons_position_left e-con e-parent\" data-id=\"936900e\" data-element_type=\"container\" data-e-type=\"container\" data-settings=\"{&quot;background_background&quot;:&quot;classic&quot;}\">\n\t\t\t\t\t<div class=\"e-con-inner\">\n\t\t<div data-stack-section-zoom-value=\"0.9\" data-stack-section-transparency-value=\"0\" data-stack-section-blur-value=\"10\" class=\"elementor-element elementor-element-f2709ef e-con-full sc_stack_section_on sc_stack_section_zoom_on e-flex sc_layouts_column_icons_position_left sc_stack_section_effect_slide e-con e-child\" data-id=\"f2709ef\" data-element_type=\"container\" data-e-type=\"container\" data-settings=\"{&quot;background_background&quot;:&quot;classic&quot;}\">\n\t\t<div class=\"elementor-element elementor-element-942133b e-con-full e-flex sc_layouts_column_icons_position_left e-con e-child\" data-id=\"942133b\" data-element_type=\"container\" data-e-type=\"container\">\n\t\t<div class=\"elementor-element elementor-element-17bee9c e-con-full e-flex sc_layouts_column_icons_position_left e-con e-child\" data-id=\"17bee9c\" data-element_type=\"container\" data-e-type=\"container\">\n\t\t\t\t<div class=\"elementor-element elementor-element-a92d7a0 sc_fly_static elementor-widget elementor-widget-text-editor\" data-id=\"a92d7a0\" data-element_type=\"widget\" data-e-type=\"widget\" data-widget_type=\"text-editor.default\">\n\t\t\t\t<div class=\"elementor-widget-container\">\n\t\t\t\t\t\t\t\t\t<p>WiBACK verwendet eine zentralisierte Architektur mit einem Netzwerkkontroller, der die Intelligenz des Systems enth\u00e4lt.\nDieser Controller konfiguriert das Netzwerk, steuert und verwaltet die WiBACK-Knoten, die zwischen ihnen aufgebauten Funkverbindungen sowie den gesamten Datenverkehr im Netzwerk.\nF\u00fcr jedes Netzwerk wird ein Controller ben\u00f6tigt.<\/p>\t\t\t\t\t\t\t\t<\/div>\n\t\t\t\t<\/div>\n\t\t\t\t<\/div>\n\t\t\t\t<\/div>\n\t\t<div class=\"elementor-element elementor-element-3f5dd51 e-con-full e-grid sc_layouts_column_icons_position_left e-con e-child\" data-id=\"3f5dd51\" data-element_type=\"container\" data-e-type=\"container\">\n\t\t\t\t<div class=\"elementor-element elementor-element-eb5a739 sc_fly_static elementor-widget elementor-widget-image\" data-id=\"eb5a739\" data-element_type=\"widget\" data-e-type=\"widget\" data-widget_type=\"image.default\">\n\t\t\t\t<div class=\"elementor-widget-container\">\n\t\t\t\t\t\t\t\t\t\t\t\t\t\t\t<img fetchpriority=\"high\" decoding=\"async\" width=\"1920\" height=\"1080\" src=\"https:\/\/defutech.de\/wp-content\/uploads\/2025\/09\/Dark-Blue-and-Cyan-Modern-Technology-Pitch-Deck-Presentation.jpg\" class=\"attachment-full size-full wp-image-3593\" alt=\"\" srcset=\"https:\/\/defutech.de\/wp-content\/uploads\/2025\/09\/Dark-Blue-and-Cyan-Modern-Technology-Pitch-Deck-Presentation.jpg 1920w, https:\/\/defutech.de\/wp-content\/uploads\/2025\/09\/Dark-Blue-and-Cyan-Modern-Technology-Pitch-Deck-Presentation-300x169.jpg 300w, https:\/\/defutech.de\/wp-content\/uploads\/2025\/09\/Dark-Blue-and-Cyan-Modern-Technology-Pitch-Deck-Presentation-1024x576.jpg 1024w, https:\/\/defutech.de\/wp-content\/uploads\/2025\/09\/Dark-Blue-and-Cyan-Modern-Technology-Pitch-Deck-Presentation-768x432.jpg 768w, https:\/\/defutech.de\/wp-content\/uploads\/2025\/09\/Dark-Blue-and-Cyan-Modern-Technology-Pitch-Deck-Presentation-1536x864.jpg 1536w, https:\/\/defutech.de\/wp-content\/uploads\/2025\/09\/Dark-Blue-and-Cyan-Modern-Technology-Pitch-Deck-Presentation-370x208.jpg 370w, https:\/\/defutech.de\/wp-content\/uploads\/2025\/09\/Dark-Blue-and-Cyan-Modern-Technology-Pitch-Deck-Presentation-1290x725.jpg 1290w, https:\/\/defutech.de\/wp-content\/uploads\/2025\/09\/Dark-Blue-and-Cyan-Modern-Technology-Pitch-Deck-Presentation-924x520.jpg 924w, https:\/\/defutech.de\/wp-content\/uploads\/2025\/09\/Dark-Blue-and-Cyan-Modern-Technology-Pitch-Deck-Presentation-410x231.jpg 410w\" sizes=\"(max-width: 1920px) 100vw, 1920px\" \/>\t\t\t\t\t\t\t\t\t\t\t\t\t\t\t<\/div>\n\t\t\t\t<\/div>\n\t\t\t\t<\/div>\n\t\t\t\t<\/div>\n\t\t<div data-stack-section-zoom-value=\"0.9\" data-stack-section-transparency-value=\"0\" data-stack-section-blur-value=\"10\" class=\"elementor-element elementor-element-bf0211b e-con-full sc_stack_section_on sc_stack_section_zoom_on e-flex sc_layouts_column_icons_position_left sc_stack_section_effect_slide e-con e-child\" data-id=\"bf0211b\" data-element_type=\"container\" data-e-type=\"container\" data-settings=\"{&quot;background_background&quot;:&quot;classic&quot;}\">\n\t\t<div class=\"e-con-gap-no elementor-element elementor-element-b6a5fd2 e-con-full e-flex sc_layouts_column_icons_position_left e-con e-child\" data-id=\"b6a5fd2\" data-element_type=\"container\" data-e-type=\"container\">\n\t\t<div class=\"elementor-element elementor-element-9f3afd2 e-con-full e-flex sc_layouts_column_icons_position_left e-con e-child\" data-id=\"9f3afd2\" data-element_type=\"container\" data-e-type=\"container\">\n\t\t\t\t<div class=\"elementor-element elementor-element-bd79fc0 sc_fly_static elementor-widget elementor-widget-text-editor\" data-id=\"bd79fc0\" data-element_type=\"widget\" data-e-type=\"widget\" data-widget_type=\"text-editor.default\">\n\t\t\t\t<div class=\"elementor-widget-container\">\n\t\t\t\t\t\t\t\t\t<p>Ein Beispiel f\u00fcr ein typisches Netzwerk ist unten dargestellt. Die Verbindungen liegen in der Regel zwischen 1 und 20 Kilometern, und mehrere Standorte werden mit unterschiedlichen Diensten versorgt.\nDa zwischen einigen dieser Standorte keine direkte Sichtverbindung (Line-of-Sight, LOS) besteht, werden zus\u00e4tzlich solarbetriebene Relaisknoten eingesetzt.<\/p><p>Due to WiBACK\u2019s self-configuration the deployment of a WiBACK network is ex-tremely easy and does not require any special trained staff. Besides mounting the nodes, pointing the antennas and, if required, connecting the solar cells, everything else is done by the WiBACK controller.<\/p>\t\t\t\t\t\t\t\t<\/div>\n\t\t\t\t<\/div>\n\t\t\t\t<\/div>\n\t\t\t\t<\/div>\n\t\t<div class=\"elementor-element elementor-element-6cc04c2 e-con-full e-grid sc_layouts_column_icons_position_left e-con e-child\" data-id=\"6cc04c2\" data-element_type=\"container\" data-e-type=\"container\">\n\t\t\t\t<div class=\"elementor-element elementor-element-e0df709 sc_fly_static elementor-widget elementor-widget-image\" data-id=\"e0df709\" data-element_type=\"widget\" data-e-type=\"widget\" data-widget_type=\"image.default\">\n\t\t\t\t<div class=\"elementor-widget-container\">\n\t\t\t\t\t\t\t\t\t\t\t\t\t\t\t<img decoding=\"async\" width=\"1428\" height=\"830\" src=\"https:\/\/defutech.de\/wp-content\/uploads\/2024\/10\/Screenshot-2025-09-18-at-21.19.28.png\" class=\"attachment-full size-full wp-image-2818\" alt=\"\" srcset=\"https:\/\/defutech.de\/wp-content\/uploads\/2024\/10\/Screenshot-2025-09-18-at-21.19.28.png 1428w, https:\/\/defutech.de\/wp-content\/uploads\/2024\/10\/Screenshot-2025-09-18-at-21.19.28-300x174.png 300w, https:\/\/defutech.de\/wp-content\/uploads\/2024\/10\/Screenshot-2025-09-18-at-21.19.28-1024x595.png 1024w, https:\/\/defutech.de\/wp-content\/uploads\/2024\/10\/Screenshot-2025-09-18-at-21.19.28-768x446.png 768w, https:\/\/defutech.de\/wp-content\/uploads\/2024\/10\/Screenshot-2025-09-18-at-21.19.28-370x215.png 370w, https:\/\/defutech.de\/wp-content\/uploads\/2024\/10\/Screenshot-2025-09-18-at-21.19.28-924x537.png 924w, https:\/\/defutech.de\/wp-content\/uploads\/2024\/10\/Screenshot-2025-09-18-at-21.19.28-410x238.png 410w\" sizes=\"(max-width: 1428px) 100vw, 1428px\" \/>\t\t\t\t\t\t\t\t\t\t\t\t\t\t\t<\/div>\n\t\t\t\t<\/div>\n\t\t\t\t<\/div>\n\t\t\t\t<\/div>\n\t\t\t\t\t<\/div>\n\t\t\t\t<\/div>\n\t\t<div class=\"elementor-element elementor-element-5d1f272 e-flex e-con-boxed sc_layouts_column_icons_position_left e-con e-parent\" data-id=\"5d1f272\" data-element_type=\"container\" data-e-type=\"container\" data-settings=\"{&quot;background_background&quot;:&quot;classic&quot;}\">\n\t\t\t\t\t<div class=\"e-con-inner\">\n\t\t<div class=\"elementor-element elementor-element-343f9df e-flex e-con-boxed sc_layouts_column_icons_position_left e-con e-child\" data-id=\"343f9df\" data-element_type=\"container\" data-e-type=\"container\">\n\t\t\t\t\t<div class=\"e-con-inner\">\n\t\t<div class=\"elementor-element elementor-element-5f5a0bf e-con-full e-flex sc_layouts_column_icons_position_left e-con e-child\" data-id=\"5f5a0bf\" data-element_type=\"container\" data-e-type=\"container\">\n\t\t\t\t<div data-animation-type=\"block\" class=\"elementor-element elementor-element-0077d2d animation_type_block sc_fly_static elementor-invisible elementor-widget elementor-widget-heading\" data-id=\"0077d2d\" data-element_type=\"widget\" data-e-type=\"widget\" data-settings=\"{&quot;_animation_delay&quot;:50,&quot;_animation&quot;:&quot;ta_fadeinup&quot;}\" data-widget_type=\"heading.default\">\n\t\t\t\t<div class=\"elementor-widget-container\">\n\t\t\t\t\t<h2 class=\"elementor-heading-title elementor-size-default\">Vertriebspartner.<\/h2>\t\t\t\t<\/div>\n\t\t\t\t<\/div>\n\t\t\t\t<div class=\"elementor-element elementor-element-3aea656 sc_fly_static elementor-widget elementor-widget-text-editor\" data-id=\"3aea656\" data-element_type=\"widget\" data-e-type=\"widget\" data-widget_type=\"text-editor.default\">\n\t\t\t\t<div class=\"elementor-widget-container\">\n\t\t\t\t\t\t\t\t\t<p>DeFuTech UG \u2013 Deutsche Funktechnik is the primary partner and spin-off of Fraunhofer FIT\u2019s WiBACK team. The company oversees production, distribution, and support, serving as the central point of contact and supply partner for implementing WiBACK networks worldwide.<\/p>\t\t\t\t\t\t\t\t<\/div>\n\t\t\t\t<\/div>\n\t\t\t\t<div class=\"elementor-element elementor-element-8e1528a sc_fly_static elementor-widget elementor-widget-button\" data-id=\"8e1528a\" data-element_type=\"widget\" data-e-type=\"widget\" data-widget_type=\"button.default\">\n\t\t\t\t<div class=\"elementor-widget-container\">\n\t\t\t\t\t\t\t\t\t<div class=\"elementor-button-wrapper\">\n\t\t\t\t\t<a class=\"elementor-button elementor-button-link elementor-size-sm\" href=\"https:\/\/www.wiback.org\/\" target=\"_blank\">\n\t\t\t\t\t\t<span class=\"elementor-button-content-wrapper\">\n\t\t\t\t\t\t\t\t\t<span class=\"elementor-button-text\">Mehr \u00fcber WiBACK<\/span>\n\t\t\t\t\t<\/span>\n\t\t\t\t\t<\/a>\n\t\t\t\t<\/div>\n\t\t\t\t\t\t\t\t<\/div>\n\t\t\t\t<\/div>\n\t\t\t\t<\/div>\n\t\t<div class=\"elementor-element elementor-element-b9e279c e-con-full e-flex sc_layouts_column_icons_position_left e-con e-child\" data-id=\"b9e279c\" data-element_type=\"container\" data-e-type=\"container\">\n\t\t\t\t<div data-animation-type=\"block\" class=\"elementor-element elementor-element-3d5d790 animation_type_block sc_fly_static elementor-invisible elementor-widget elementor-widget-text-editor\" data-id=\"3d5d790\" data-element_type=\"widget\" data-e-type=\"widget\" data-settings=\"{&quot;_animation_delay&quot;:100,&quot;_animation&quot;:&quot;ta_fadeinup&quot;}\" data-widget_type=\"text-editor.default\">\n\t\t\t\t<div class=\"elementor-widget-container\">\n\t\t\t\t\t\t\t\t\t<p>WiBACK ist das Ergebnis mehrj\u00e4hriger Forschungs- und Entwicklungsarbeit am Fraunhofer FIT.\nDie Motivation bestand darin, Carrier-Grade-Dienstqualit\u00e4t f\u00fcr Sprach- und Daten\u00fcbertragung \u00fcber gro\u00dfe Entfernungen mithilfe kosteng\u00fcnstiger Funktechnologien bereitzustellen.\nAus technologischer Sicht l\u00e4sst sich ein WiBACK-Netzwerk heute als ein SDN-\u00e4hnliches Backhaul-Netzwerk beschreiben, das auf verketteten heterogenen Punkt-zu-Punkt-Verbindungen (drahtlos und drahtgebunden\/Glasfaser) basiert.\u00a0<\/p>\t\t\t\t\t\t\t\t<\/div>\n\t\t\t\t<\/div>\n\t\t\t\t<\/div>\n\t\t\t\t\t<\/div>\n\t\t\t\t<\/div>\n\t\t\t\t\t<\/div>\n\t\t\t\t<\/div>\n\t\t\t\t<\/div>","protected":false},"excerpt":{"rendered":"<p>WiBACK Technology DeFuTech&#8217;s partner in connecting the unconnected,WiBACK,\u00a0 is a directed, \u201cplug \u2018n\u2019&hellip;<\/p>","protected":false},"author":1,"featured_media":0,"parent":0,"menu_order":0,"comment_status":"closed","ping_status":"closed","template":"","meta":{"footnotes":""},"class_list":["post-2721","page","type-page","status-publish","hentry"],"_links":{"self":[{"href":"https:\/\/defutech.de\/de\/wp-json\/wp\/v2\/pages\/2721","targetHints":{"allow":["GET"]}}],"collection":[{"href":"https:\/\/defutech.de\/de\/wp-json\/wp\/v2\/pages"}],"about":[{"href":"https:\/\/defutech.de\/de\/wp-json\/wp\/v2\/types\/page"}],"author":[{"embeddable":true,"href":"https:\/\/defutech.de\/de\/wp-json\/wp\/v2\/users\/1"}],"replies":[{"embeddable":true,"href":"https:\/\/defutech.de\/de\/wp-json\/wp\/v2\/comments?post=2721"}],"version-history":[{"count":17,"href":"https:\/\/defutech.de\/de\/wp-json\/wp\/v2\/pages\/2721\/revisions"}],"predecessor-version":[{"id":3980,"href":"https:\/\/defutech.de\/de\/wp-json\/wp\/v2\/pages\/2721\/revisions\/3980"}],"wp:attachment":[{"href":"https:\/\/defutech.de\/de\/wp-json\/wp\/v2\/media?parent=2721"}],"curies":[{"name":"wp","href":"https:\/\/api.w.org\/{rel}","templated":true}]}}